{"id":199,"date":"2024-09-13T07:19:51","date_gmt":"2024-09-13T07:19:51","guid":{"rendered":"http:\/\/intechsa.com.mx\/?page_id=199"},"modified":"2024-10-23T07:40:49","modified_gmt":"2024-10-23T07:40:49","slug":"construccion","status":"publish","type":"page","link":"http:\/\/intechsa.com.mx\/?page_id=199","title":{"rendered":"Construcci\u00f3n"},"content":{"rendered":"\t\t<div data-elementor-type=\"wp-page\" data-elementor-id=\"199\" class=\"elementor elementor-199\">\n\t\t\t\t<div class=\"elementor-element elementor-element-aadb957 e-flex e-con-boxed e-con e-parent\" data-id=\"aadb957\" data-element_type=\"container\">\n\t\t\t\t\t<div class=\"e-con-inner\">\n\t\t\t\t<div class=\"elementor-element elementor-element-f68d144 e-transform elementor-widget elementor-widget-image\" data-id=\"f68d144\" data-element_type=\"widget\" data-settings=\"{&quot;_transform_scale_effect&quot;:{&quot;unit&quot;:&quot;px&quot;,&quot;size&quot;:1.2,&quot;sizes&quot;:[]},&quot;_transform_scale_effect_tablet&quot;:{&quot;unit&quot;:&quot;px&quot;,&quot;size&quot;:&quot;&quot;,&quot;sizes&quot;:[]},&quot;_transform_scale_effect_mobile&quot;:{&quot;unit&quot;:&quot;px&quot;,&quot;size&quot;:&quot;&quot;,&quot;sizes&quot;:[]}}\" data-widget_type=\"image.default\">\n\t\t\t\t<div class=\"elementor-widget-container\">\n\t\t\t<style>\/*! elementor - v3.23.0 - 05-08-2024 *\/\n.elementor-widget-image{text-align:center}.elementor-widget-image a{display:inline-block}.elementor-widget-image a img[src$=\".svg\"]{width:48px}.elementor-widget-image img{vertical-align:middle;display:inline-block}<\/style>\t\t\t\t\t\t\t\t\t\t<img fetchpriority=\"high\" decoding=\"async\" width=\"1800\" height=\"749\" src=\"http:\/\/intechsa.com.mx\/wp-content\/uploads\/2024\/09\/const.jpg\" class=\"attachment-full size-full wp-image-235\" alt=\"\" srcset=\"http:\/\/intechsa.com.mx\/wp-content\/uploads\/2024\/09\/const.jpg 1800w, http:\/\/intechsa.com.mx\/wp-content\/uploads\/2024\/09\/const-300x125.jpg 300w, http:\/\/intechsa.com.mx\/wp-content\/uploads\/2024\/09\/const-1024x426.jpg 1024w, http:\/\/intechsa.com.mx\/wp-content\/uploads\/2024\/09\/const-768x320.jpg 768w, http:\/\/intechsa.com.mx\/wp-content\/uploads\/2024\/09\/const-1536x639.jpg 1536w\" sizes=\"(max-width: 1800px) 100vw, 1800px\" \/>\t\t\t\t\t\t\t\t\t\t\t\t\t<\/div>\n\t\t\t\t<\/div>\n\t\t\t\t\t<\/div>\n\t\t\t\t<\/div>\n\t\t<div class=\"elementor-element elementor-element-aee30b1 e-flex e-con-boxed e-con e-parent\" data-id=\"aee30b1\" data-element_type=\"container\">\n\t\t\t\t\t<div class=\"e-con-inner\">\n\t\t<div class=\"elementor-element elementor-element-1cdcc7e e-con-full e-flex e-con e-child\" data-id=\"1cdcc7e\" data-element_type=\"container\">\n\t\t\t\t<\/div>\n\t\t<div class=\"elementor-element elementor-element-2179352 e-con-full e-flex e-con e-child\" data-id=\"2179352\" data-element_type=\"container\">\n\t\t\t\t<div class=\"elementor-element elementor-element-ff706f5 elementor-widget elementor-widget-text-editor\" data-id=\"ff706f5\" data-element_type=\"widget\" data-widget_type=\"text-editor.default\">\n\t\t\t\t<div class=\"elementor-widget-container\">\n\t\t\t<style>\/*! elementor - v3.23.0 - 05-08-2024 *\/\n.elementor-widget-text-editor.elementor-drop-cap-view-stacked .elementor-drop-cap{background-color:#69727d;color:#fff}.elementor-widget-text-editor.elementor-drop-cap-view-framed .elementor-drop-cap{color:#69727d;border:3px solid;background-color:transparent}.elementor-widget-text-editor:not(.elementor-drop-cap-view-default) .elementor-drop-cap{margin-top:8px}.elementor-widget-text-editor:not(.elementor-drop-cap-view-default) .elementor-drop-cap-letter{width:1em;height:1em}.elementor-widget-text-editor .elementor-drop-cap{float:left;text-align:center;line-height:1;font-size:50px}.elementor-widget-text-editor .elementor-drop-cap-letter{display:inline-block}<\/style>\t\t\t\t<h2 style=\"font-family: Montaga; text-align: Center;\">Construcci\u00f3n<\/h2>\nSomos una empresa mexicana con experiencia en la industria de la construcci\u00f3n enfocada a los sectores de energ\u00eda, refiner\u00edas, petroqu\u00edmicas y manufactura.\n\nEn la disciplina civil realizamos la procura y construcci\u00f3n de todo tipo de cimentaciones, edificaci\u00f3n de subestaciones el\u00e9ctricas y cuartos de control, as\u00ed como de oficinas administrativas.<br><br>\n\nEn la disciplina electromec\u00e1nica hacemos prefabricado y montaje de tuber\u00edas de acero al carb\u00f3n, acero inoxidable y acero de aleaci\u00f3n, fabricaci\u00f3n y montaje de soportes t\u00edpicos de tuber\u00edas, montaje de equipos est\u00e1ticos y din\u00e1micos. Montaje de tableros el\u00e9ctricos, tableros de sistemas de control, transformadores, cableado de fuerza y control, as\u00ed como la instalaci\u00f3n de los sistemas fire &amp; gas y hvac.<br><br>\n\nContamos con el recurso humano suficiente y calificado para atender las necesidades de nuestros clientes, cumpliendo con la calidad y seguridad requerida en cada uno de los proyectos.<\/span>\n<h2 style=\"font-family: Montaga; text-align: Center;\">Principales Proyectos\t\t\t\t\t\t<\/div>\n\t\t\t\t<\/div>\n\t\t\t\t<\/div>\n\t\t<div class=\"elementor-element elementor-element-a0a38d3 e-con-full e-flex e-con e-child\" data-id=\"a0a38d3\" data-element_type=\"container\">\n\t\t\t\t<\/div>\n\t\t\t\t\t<\/div>\n\t\t\t\t<\/div>\n\t\t<div class=\"elementor-element elementor-element-bb28247 e-flex e-con-boxed e-con e-parent\" data-id=\"bb28247\" data-element_type=\"container\">\n\t\t\t\t\t<div class=\"e-con-inner\">\n\t\t<div class=\"elementor-element elementor-element-d04545c e-con-full e-flex e-con e-child\" data-id=\"d04545c\" data-element_type=\"container\">\n\t\t\t\t<div class=\"elementor-element elementor-element-17b1112 popmake-530 elementor-widget elementor-widget-image\" data-id=\"17b1112\" data-element_type=\"widget\" data-widget_type=\"image.default\">\n\t\t\t\t<div class=\"elementor-widget-container\">\n\t\t\t\t\t\t\t\t\t\t\t\t\t<img decoding=\"async\" width=\"252\" height=\"347\" src=\"http:\/\/intechsa.com.mx\/wp-content\/uploads\/2024\/09\/TrazadeVaporOver.jpg\" class=\"attachment-full size-full wp-image-262\" alt=\"\" srcset=\"http:\/\/intechsa.com.mx\/wp-content\/uploads\/2024\/09\/TrazadeVaporOver.jpg 252w, http:\/\/intechsa.com.mx\/wp-content\/uploads\/2024\/09\/TrazadeVaporOver-218x300.jpg 218w\" sizes=\"(max-width: 252px) 100vw, 252px\" \/>\t\t\t\t\t\t\t\t\t\t\t\t\t<\/div>\n\t\t\t\t<\/div>\n\t\t\t\t<\/div>\n\t\t<div class=\"elementor-element elementor-element-94a309f e-con-full e-flex e-con e-child\" data-id=\"94a309f\" data-element_type=\"container\">\n\t\t\t\t<div class=\"elementor-element elementor-element-f7debe1 popmake-599 elementor-widget elementor-widget-image\" data-id=\"f7debe1\" data-element_type=\"widget\" data-widget_type=\"image.default\">\n\t\t\t\t<div class=\"elementor-widget-container\">\n\t\t\t\t\t\t\t\t\t\t\t\t\t<img decoding=\"async\" width=\"252\" height=\"347\" src=\"http:\/\/intechsa.com.mx\/wp-content\/uploads\/2024\/09\/Tuberia1Over.jpg\" class=\"attachment-full size-full wp-image-263\" alt=\"\" srcset=\"http:\/\/intechsa.com.mx\/wp-content\/uploads\/2024\/09\/Tuberia1Over.jpg 252w, http:\/\/intechsa.com.mx\/wp-content\/uploads\/2024\/09\/Tuberia1Over-218x300.jpg 218w\" sizes=\"(max-width: 252px) 100vw, 252px\" \/>\t\t\t\t\t\t\t\t\t\t\t\t\t<\/div>\n\t\t\t\t<\/div>\n\t\t\t\t<\/div>\n\t\t<div class=\"elementor-element elementor-element-ab8b8bd e-con-full e-flex e-con e-child\" data-id=\"ab8b8bd\" data-element_type=\"container\">\n\t\t\t\t<div class=\"elementor-element elementor-element-2cd8704 popmake-614 elementor-widget elementor-widget-image\" data-id=\"2cd8704\" data-element_type=\"widget\" data-widget_type=\"image.default\">\n\t\t\t\t<div class=\"elementor-widget-container\">\n\t\t\t\t\t\t\t\t\t\t\t\t\t<img loading=\"lazy\" decoding=\"async\" width=\"252\" height=\"347\" src=\"http:\/\/intechsa.com.mx\/wp-content\/uploads\/2024\/09\/Tuberia2Over.jpg\" class=\"attachment-full size-full wp-image-264\" alt=\"\" srcset=\"http:\/\/intechsa.com.mx\/wp-content\/uploads\/2024\/09\/Tuberia2Over.jpg 252w, http:\/\/intechsa.com.mx\/wp-content\/uploads\/2024\/09\/Tuberia2Over-218x300.jpg 218w\" sizes=\"(max-width: 252px) 100vw, 252px\" \/>\t\t\t\t\t\t\t\t\t\t\t\t\t<\/div>\n\t\t\t\t<\/div>\n\t\t\t\t<\/div>\n\t\t<div class=\"elementor-element elementor-element-8b12b36 e-con-full e-flex e-con e-child\" data-id=\"8b12b36\" data-element_type=\"container\">\n\t\t\t\t<div class=\"elementor-element elementor-element-af5149a popmake-623 elementor-widget elementor-widget-image\" data-id=\"af5149a\" data-element_type=\"widget\" data-widget_type=\"image.default\">\n\t\t\t\t<div class=\"elementor-widget-container\">\n\t\t\t\t\t\t\t\t\t\t\t\t\t<img loading=\"lazy\" decoding=\"async\" width=\"252\" height=\"347\" src=\"http:\/\/intechsa.com.mx\/wp-content\/uploads\/2024\/09\/CimentacionOver.jpg\" class=\"attachment-full size-full wp-image-265\" alt=\"\" srcset=\"http:\/\/intechsa.com.mx\/wp-content\/uploads\/2024\/09\/CimentacionOver.jpg 252w, http:\/\/intechsa.com.mx\/wp-content\/uploads\/2024\/09\/CimentacionOver-218x300.jpg 218w\" sizes=\"(max-width: 252px) 100vw, 252px\" \/>\t\t\t\t\t\t\t\t\t\t\t\t\t<\/div>\n\t\t\t\t<\/div>\n\t\t\t\t<\/div>\n\t\t\t\t\t<\/div>\n\t\t\t\t<\/div>\n\t\t<div class=\"elementor-element elementor-element-4baf874 e-flex e-con-boxed e-con e-parent\" data-id=\"4baf874\" data-element_type=\"container\">\n\t\t\t\t\t<div class=\"e-con-inner\">\n\t\t<div class=\"elementor-element elementor-element-6498629 e-con-full e-flex e-con e-child\" data-id=\"6498629\" data-element_type=\"container\">\n\t\t\t\t<div class=\"elementor-element elementor-element-d48e41f popmake-632 elementor-widget elementor-widget-image\" data-id=\"d48e41f\" data-element_type=\"widget\" data-widget_type=\"image.default\">\n\t\t\t\t<div class=\"elementor-widget-container\">\n\t\t\t\t\t\t\t\t\t\t\t\t\t<img loading=\"lazy\" decoding=\"async\" width=\"252\" height=\"347\" src=\"http:\/\/intechsa.com.mx\/wp-content\/uploads\/2024\/09\/PatinOver.jpg\" class=\"attachment-large size-large wp-image-266\" alt=\"\" srcset=\"http:\/\/intechsa.com.mx\/wp-content\/uploads\/2024\/09\/PatinOver.jpg 252w, http:\/\/intechsa.com.mx\/wp-content\/uploads\/2024\/09\/PatinOver-218x300.jpg 218w\" sizes=\"(max-width: 252px) 100vw, 252px\" \/>\t\t\t\t\t\t\t\t\t\t\t\t\t<\/div>\n\t\t\t\t<\/div>\n\t\t\t\t<\/div>\n\t\t<div class=\"elementor-element elementor-element-714b498 e-con-full e-flex e-con e-child\" data-id=\"714b498\" data-element_type=\"container\">\n\t\t\t\t<div class=\"elementor-element elementor-element-a066d00 popmake-639 elementor-widget elementor-widget-image\" data-id=\"a066d00\" data-element_type=\"widget\" data-widget_type=\"image.default\">\n\t\t\t\t<div class=\"elementor-widget-container\">\n\t\t\t\t\t\t\t\t\t\t\t\t\t<img loading=\"lazy\" decoding=\"async\" width=\"252\" height=\"347\" src=\"http:\/\/intechsa.com.mx\/wp-content\/uploads\/2024\/09\/EstructuraOver.jpg\" class=\"attachment-full size-full wp-image-267\" alt=\"\" srcset=\"http:\/\/intechsa.com.mx\/wp-content\/uploads\/2024\/09\/EstructuraOver.jpg 252w, http:\/\/intechsa.com.mx\/wp-content\/uploads\/2024\/09\/EstructuraOver-218x300.jpg 218w\" sizes=\"(max-width: 252px) 100vw, 252px\" \/>\t\t\t\t\t\t\t\t\t\t\t\t\t<\/div>\n\t\t\t\t<\/div>\n\t\t\t\t<\/div>\n\t\t<div class=\"elementor-element elementor-element-82a9dea e-con-full e-flex e-con e-child\" data-id=\"82a9dea\" data-element_type=\"container\">\n\t\t\t\t<div class=\"elementor-element elementor-element-d8613bf popmake-647 elementor-widget elementor-widget-image\" data-id=\"d8613bf\" data-element_type=\"widget\" data-widget_type=\"image.default\">\n\t\t\t\t<div class=\"elementor-widget-container\">\n\t\t\t\t\t\t\t\t\t\t\t\t\t<img loading=\"lazy\" decoding=\"async\" width=\"252\" height=\"347\" src=\"http:\/\/intechsa.com.mx\/wp-content\/uploads\/2024\/09\/Linea12Over.jpg\" class=\"attachment-full size-full wp-image-268\" alt=\"\" srcset=\"http:\/\/intechsa.com.mx\/wp-content\/uploads\/2024\/09\/Linea12Over.jpg 252w, http:\/\/intechsa.com.mx\/wp-content\/uploads\/2024\/09\/Linea12Over-218x300.jpg 218w\" sizes=\"(max-width: 252px) 100vw, 252px\" \/>\t\t\t\t\t\t\t\t\t\t\t\t\t<\/div>\n\t\t\t\t<\/div>\n\t\t\t\t<\/div>\n\t\t<div class=\"elementor-element elementor-element-279364f e-con-full e-flex e-con e-child\" data-id=\"279364f\" data-element_type=\"container\">\n\t\t\t\t<div class=\"elementor-element elementor-element-5e74bb4 popmake-656 elementor-widget elementor-widget-image\" data-id=\"5e74bb4\" data-element_type=\"widget\" data-widget_type=\"image.default\">\n\t\t\t\t<div class=\"elementor-widget-container\">\n\t\t\t\t\t\t\t\t\t\t\t\t\t<img loading=\"lazy\" decoding=\"async\" width=\"252\" height=\"347\" src=\"http:\/\/intechsa.com.mx\/wp-content\/uploads\/2024\/09\/HornoOver.jpg\" class=\"attachment-full size-full wp-image-269\" alt=\"\" srcset=\"http:\/\/intechsa.com.mx\/wp-content\/uploads\/2024\/09\/HornoOver.jpg 252w, http:\/\/intechsa.com.mx\/wp-content\/uploads\/2024\/09\/HornoOver-218x300.jpg 218w\" sizes=\"(max-width: 252px) 100vw, 252px\" \/>\t\t\t\t\t\t\t\t\t\t\t\t\t<\/div>\n\t\t\t\t<\/div>\n\t\t\t\t<\/div>\n\t\t\t\t\t<\/div>\n\t\t\t\t<\/div>\n\t\t<div class=\"elementor-element elementor-element-131322f e-flex e-con-boxed e-con e-parent\" data-id=\"131322f\" data-element_type=\"container\">\n\t\t\t\t\t<div class=\"e-con-inner\">\n\t\t<div class=\"elementor-element elementor-element-d2d15bf e-con-full e-flex e-con e-child\" data-id=\"d2d15bf\" data-element_type=\"container\">\n\t\t\t\t<div class=\"elementor-element elementor-element-923924a popmake-671 elementor-widget elementor-widget-image\" data-id=\"923924a\" data-element_type=\"widget\" data-widget_type=\"image.default\">\n\t\t\t\t<div class=\"elementor-widget-container\">\n\t\t\t\t\t\t\t\t\t\t\t\t\t<img loading=\"lazy\" decoding=\"async\" width=\"252\" height=\"347\" src=\"http:\/\/intechsa.com.mx\/wp-content\/uploads\/2024\/09\/EvaporadoresOver.jpg\" class=\"attachment-full size-full wp-image-270\" alt=\"\" srcset=\"http:\/\/intechsa.com.mx\/wp-content\/uploads\/2024\/09\/EvaporadoresOver.jpg 252w, http:\/\/intechsa.com.mx\/wp-content\/uploads\/2024\/09\/EvaporadoresOver-218x300.jpg 218w\" sizes=\"(max-width: 252px) 100vw, 252px\" \/>\t\t\t\t\t\t\t\t\t\t\t\t\t<\/div>\n\t\t\t\t<\/div>\n\t\t\t\t<\/div>\n\t\t<div class=\"elementor-element elementor-element-56c9402 e-con-full e-flex e-con e-child\" data-id=\"56c9402\" data-element_type=\"container\">\n\t\t\t\t<div class=\"elementor-element elementor-element-5d50753 popmake-679 elementor-widget elementor-widget-image\" data-id=\"5d50753\" data-element_type=\"widget\" data-widget_type=\"image.default\">\n\t\t\t\t<div class=\"elementor-widget-container\">\n\t\t\t\t\t\t\t\t\t\t\t\t\t<img loading=\"lazy\" decoding=\"async\" width=\"252\" height=\"347\" src=\"http:\/\/intechsa.com.mx\/wp-content\/uploads\/2024\/09\/TratadoraOver.jpg\" class=\"attachment-full size-full wp-image-271\" alt=\"\" srcset=\"http:\/\/intechsa.com.mx\/wp-content\/uploads\/2024\/09\/TratadoraOver.jpg 252w, http:\/\/intechsa.com.mx\/wp-content\/uploads\/2024\/09\/TratadoraOver-218x300.jpg 218w\" sizes=\"(max-width: 252px) 100vw, 252px\" \/>\t\t\t\t\t\t\t\t\t\t\t\t\t<\/div>\n\t\t\t\t<\/div>\n\t\t\t\t<\/div>\n\t\t<div class=\"elementor-element elementor-element-dc4b23a e-con-full e-flex e-con e-child\" data-id=\"dc4b23a\" data-element_type=\"container\">\n\t\t\t\t<div class=\"elementor-element elementor-element-386b1b7 popmake-691 elementor-widget elementor-widget-image\" data-id=\"386b1b7\" data-element_type=\"widget\" data-widget_type=\"image.default\">\n\t\t\t\t<div class=\"elementor-widget-container\">\n\t\t\t\t\t\t\t\t\t\t\t\t\t<img loading=\"lazy\" decoding=\"async\" width=\"252\" height=\"347\" src=\"http:\/\/intechsa.com.mx\/wp-content\/uploads\/2024\/09\/AguasOver.jpg\" class=\"attachment-full size-full wp-image-273\" alt=\"\" srcset=\"http:\/\/intechsa.com.mx\/wp-content\/uploads\/2024\/09\/AguasOver.jpg 252w, http:\/\/intechsa.com.mx\/wp-content\/uploads\/2024\/09\/AguasOver-218x300.jpg 218w\" sizes=\"(max-width: 252px) 100vw, 252px\" \/>\t\t\t\t\t\t\t\t\t\t\t\t\t<\/div>\n\t\t\t\t<\/div>\n\t\t\t\t<\/div>\n\t\t<div class=\"elementor-element elementor-element-423b074 e-con-full e-flex e-con e-child\" data-id=\"423b074\" data-element_type=\"container\">\n\t\t\t\t<div class=\"elementor-element elementor-element-294740a popmake-698 elementor-widget elementor-widget-image\" data-id=\"294740a\" data-element_type=\"widget\" data-widget_type=\"image.default\">\n\t\t\t\t<div class=\"elementor-widget-container\">\n\t\t\t\t\t\t\t\t\t\t\t\t\t<img loading=\"lazy\" decoding=\"async\" width=\"252\" height=\"347\" src=\"http:\/\/intechsa.com.mx\/wp-content\/uploads\/2024\/09\/PlataformasOver.jpg\" class=\"attachment-full size-full wp-image-274\" alt=\"\" srcset=\"http:\/\/intechsa.com.mx\/wp-content\/uploads\/2024\/09\/PlataformasOver.jpg 252w, http:\/\/intechsa.com.mx\/wp-content\/uploads\/2024\/09\/PlataformasOver-218x300.jpg 218w\" sizes=\"(max-width: 252px) 100vw, 252px\" \/>\t\t\t\t\t\t\t\t\t\t\t\t\t<\/div>\n\t\t\t\t<\/div>\n\t\t\t\t<\/div>\n\t\t\t\t\t<\/div>\n\t\t\t\t<\/div>\n\t\t<div class=\"elementor-element elementor-element-3e995e7 e-flex e-con-boxed e-con e-parent\" data-id=\"3e995e7\" data-element_type=\"container\">\n\t\t\t\t\t<div class=\"e-con-inner\">\n\t\t<div class=\"elementor-element elementor-element-83ba31a e-con-full e-flex e-con e-child\" data-id=\"83ba31a\" data-element_type=\"container\">\n\t\t\t\t<\/div>\n\t\t<div class=\"elementor-element elementor-element-67c9324 e-con-full e-flex e-con e-child\" data-id=\"67c9324\" data-element_type=\"container\">\n\t\t\t\t<div class=\"elementor-element elementor-element-c6351ef popmake-706 elementor-widget elementor-widget-image\" data-id=\"c6351ef\" data-element_type=\"widget\" data-widget_type=\"image.default\">\n\t\t\t\t<div class=\"elementor-widget-container\">\n\t\t\t\t\t\t\t\t\t\t\t\t\t<img loading=\"lazy\" decoding=\"async\" width=\"252\" height=\"347\" src=\"http:\/\/intechsa.com.mx\/wp-content\/uploads\/2024\/09\/FirmeOver.jpg\" class=\"attachment-full size-full wp-image-275\" alt=\"\" srcset=\"http:\/\/intechsa.com.mx\/wp-content\/uploads\/2024\/09\/FirmeOver.jpg 252w, http:\/\/intechsa.com.mx\/wp-content\/uploads\/2024\/09\/FirmeOver-218x300.jpg 218w\" sizes=\"(max-width: 252px) 100vw, 252px\" \/>\t\t\t\t\t\t\t\t\t\t\t\t\t<\/div>\n\t\t\t\t<\/div>\n\t\t\t\t<\/div>\n\t\t<div class=\"elementor-element elementor-element-0db0aca e-con-full e-flex e-con e-child\" data-id=\"0db0aca\" data-element_type=\"container\">\n\t\t\t\t<div class=\"elementor-element elementor-element-3971df3 popmake-711 elementor-widget elementor-widget-image\" data-id=\"3971df3\" data-element_type=\"widget\" data-widget_type=\"image.default\">\n\t\t\t\t<div class=\"elementor-widget-container\">\n\t\t\t\t\t\t\t\t\t\t\t\t\t<img loading=\"lazy\" decoding=\"async\" width=\"252\" height=\"347\" src=\"http:\/\/intechsa.com.mx\/wp-content\/uploads\/2024\/09\/SubestacionOver.jpg\" class=\"attachment-full size-full wp-image-276\" alt=\"\" srcset=\"http:\/\/intechsa.com.mx\/wp-content\/uploads\/2024\/09\/SubestacionOver.jpg 252w, http:\/\/intechsa.com.mx\/wp-content\/uploads\/2024\/09\/SubestacionOver-218x300.jpg 218w\" sizes=\"(max-width: 252px) 100vw, 252px\" \/>\t\t\t\t\t\t\t\t\t\t\t\t\t<\/div>\n\t\t\t\t<\/div>\n\t\t\t\t<\/div>\n\t\t<div class=\"elementor-element elementor-element-df89af7 e-con-full e-flex e-con e-child\" data-id=\"df89af7\" data-element_type=\"container\">\n\t\t\t\t<\/div>\n\t\t\t\t\t<\/div>\n\t\t\t\t<\/div>\n\t\t\t\t<\/div>\n\t\t","protected":false},"excerpt":{"rendered":"<p>Construcci\u00f3n Somos una empresa mexicana con experiencia en la industria de la construcci\u00f3n enfocada a los sectores de energ\u00eda, refiner\u00edas, [&hellip;]<\/p>\n","protected":false},"author":1,"featured_media":0,"parent":0,"menu_order":0,"comment_status":"closed","ping_status":"closed","template":"","meta":{"site-sidebar-layout":"no-sidebar","site-content-layout":"","ast-site-content-layout":"full-width-container","site-content-style":"default","site-sidebar-style":"default","ast-global-header-display":"","ast-banner-title-visibility":"","ast-main-header-display":"","ast-hfb-above-header-display":"","ast-hfb-below-header-display":"","ast-hfb-mobile-header-display":"","site-post-title":"disabled","ast-breadcrumbs-content":"","ast-featured-img":"disabled","footer-sml-layout":"","theme-transparent-header-meta":"","adv-header-id-meta":"","stick-header-meta":"","header-above-stick-meta":"","header-main-stick-meta":"","header-below-stick-meta":"","astra-migrate-meta-layouts":"default","ast-page-background-enabled":"default","ast-page-background-meta":{"desktop":{"background-color":"var(--ast-global-color-4)","background-image":"","background-repeat":"repeat","background-position":"center center","background-size":"auto","background-attachment":"scroll","background-type":"","background-media":"","overlay-type":"","overlay-color":"","overlay-opacity":"","overlay-gradient":""},"tablet":{"background-color":"","background-image":"","background-repeat":"repeat","background-position":"center center","background-size":"auto","background-attachment":"scroll","background-type":"","background-media":"","overlay-type":"","overlay-color":"","overlay-opacity":"","overlay-gradient":""},"mobile":{"background-color":"","background-image":"","background-repeat":"repeat","background-position":"center center","background-size":"auto","background-attachment":"scroll","background-type":"","background-media":"","overlay-type":"","overlay-color":"","overlay-opacity":"","overlay-gradient":""}},"ast-content-background-meta":{"desktop":{"background-color":"var(--ast-global-color-5)","background-image":"","background-repeat":"repeat","background-position":"center center","background-size":"auto","background-attachment":"scroll","background-type":"","background-media":"","overlay-type":"","overlay-color":"","overlay-opacity":"","overlay-gradient":""},"tablet":{"background-color":"var(--ast-global-color-5)","background-image":"","background-repeat":"repeat","background-position":"center center","background-size":"auto","background-attachment":"scroll","background-type":"","background-media":"","overlay-type":"","overlay-color":"","overlay-opacity":"","overlay-gradient":""},"mobile":{"background-color":"var(--ast-global-color-5)","background-image":"","background-repeat":"repeat","background-position":"center center","background-size":"auto","background-attachment":"scroll","background-type":"","background-media":"","overlay-type":"","overlay-color":"","overlay-opacity":"","overlay-gradient":""}},"footnotes":""},"class_list":["post-199","page","type-page","status-publish","hentry"],"_links":{"self":[{"href":"http:\/\/intechsa.com.mx\/index.php?rest_route=\/wp\/v2\/pages\/199","targetHints":{"allow":["GET"]}}],"collection":[{"href":"http:\/\/intechsa.com.mx\/index.php?rest_route=\/wp\/v2\/pages"}],"about":[{"href":"http:\/\/intechsa.com.mx\/index.php?rest_route=\/wp\/v2\/types\/page"}],"author":[{"embeddable":true,"href":"http:\/\/intechsa.com.mx\/index.php?rest_route=\/wp\/v2\/users\/1"}],"replies":[{"embeddable":true,"href":"http:\/\/intechsa.com.mx\/index.php?rest_route=%2Fwp%2Fv2%2Fcomments&post=199"}],"version-history":[{"count":166,"href":"http:\/\/intechsa.com.mx\/index.php?rest_route=\/wp\/v2\/pages\/199\/revisions"}],"predecessor-version":[{"id":720,"href":"http:\/\/intechsa.com.mx\/index.php?rest_route=\/wp\/v2\/pages\/199\/revisions\/720"}],"wp:attachment":[{"href":"http:\/\/intechsa.com.mx\/index.php?rest_route=%2Fwp%2Fv2%2Fmedia&parent=199"}],"curies":[{"name":"wp","href":"https:\/\/api.w.org\/{rel}","templated":true}]}}